{"id":3034,"date":"2025-09-23T13:49:42","date_gmt":"2025-09-23T13:49:42","guid":{"rendered":"https:\/\/familygroup.ge\/?product=ninebot-kickscooter-gt3-pro"},"modified":"2026-01-17T09:30:08","modified_gmt":"2026-01-17T09:30:08","slug":"ninebot-kickscooter-gt3-pro","status":"publish","type":"product","link":"https:\/\/familygroup.ge\/?product=ninebot-kickscooter-gt3-pro","title":{"rendered":"Segway Ninebot SuperScooter GT3 PRO"},"content":{"rendered":"<ul>\n<li>\u10e2\u10d8\u10de\u10d8: \u10d4\u10da\u10d4\u10e5\u10e2\u10e0\u10dd \u10e1\u10d9\u10e3\u10e2\u10d4\u10e0\u10d8<\/li>\n<li>\u10e1\u10d8\u10db\u10eb\u10da\u10d0\u10d5\u10e0\u10d4: 1700 W x 2 \/ 3500 W x 2<\/li>\n<li>\u10d3\u10d0\u10e1\u10d0\u10e8\u10d5\u10d4\u10d1\u10d8 \u10ec\u10dd\u10dc\u10d0: 150 \u10d9\u10d2<\/li>\n<li>\u10db\u10d0\u10e5\u10e1\u10d8\u10db\u10d0\u10da\u10e3\u10e0\u10d8 \u10e1\u10d8\u10e1\u10ec\u10e0\u10d0\u10e4\u10d4: 80 \u10d9\u10db\/\u10e1\u10d7<\/li>\n<li>\u10db\u10d0\u10e5\u10e1\u10d8\u10db\u10d0\u10da\u10e3\u10e0\u10d8 \u10d3\u10d8\u10e1\u10e2\u10d0\u10dc\u10ea\u10d8\u10d0: 138 \u10d9\u10db<\/li>\n<li>\u10d2\u10d0\u10e0\u10d0\u10dc\u10e2\u10d8\u10d0 &#8211; 2 \u10ec\u10d4\u10da\u10d8. \u10e3\u10e4\u10d0\u10e1\u10dd \u10db\u10d8\u10ec\u10dd\u10d3\u10d4\u10d1\u10d0.<\/li>\n<\/ul>\n<p>&nbsp;<\/p>\n<p>Name: Segway SuperScooter GT3 Pro Model 060202G L \u00d7 W \u00d7 H Approx. 53.7 x 26.2 x 53.9 inches (1365 \u00d7 666 \u00d7 1370 mm) L \u00d7 W \u00d7 H (folded) Approx. 53.7 x 26.2 x 27.6 inches (1365 \u00d7 666 x 700 mm) Net Weight Approx. 117.1 lbs (53.1 kg) Riding Requirements Max. Payload 330 lbs (150 kg) Recommended Age 18\u201360 years old Required Height 5.3\u20136.6 ft (160\u2013200 cm) Vehicle Performance Wheelbase 41 inches (1040 mm) Ground Clearance 5.5 inches (140 mm) Drive System Two-wheel Drive Max. Speed[1] Approx. 50 mph (80 km\/h) Ranges of Speed Modes[2] ECO: Approx. 86 miles (138 km) SPORT: Approx. 45 miles (72 km) RACE: Approx. 34 miles (55 km) Max. Slope Approx. 38% Traversable Terrain Asphalt\/flat pavement; obstacles &lt; 1.2 inches (3 cm); gaps &lt; 1.2 inches (3 cm) Operating Temperature 14\u2013104\u00b0F (-10\u201340\u00b0C) Ambient Temperature For Storage -4\u2013122\u00b0F (-20\u201350\u00b0C) IP Rating[3] IPX6 Charging Duration 230 VAC\/25\u00b0C: Approx. 8\u00b10.5 hours 115 VAC\/25\u00b0C: Approx. 8\u00b10.5 hours Charging Duration 230 VAC\/25\u00b0C: Approx. 8\u00b10.5 hours 115 VAC\/25\u00b0C: Approx. 8\u00b10.5 hours Battery Pack Nominal Voltage 72 V Max. Charging Voltage 84 V Nominal Energy 2160 Wh Nominal Capacity 30 Ah Charging Ambient Temperature 32\u2013113\u00b0F (0\u201345\u00b0C) Battery Management System Overcharge Protection, Overheat Protection, Overdischarge Protection, Short Circuit Protection, and Overcurrent Protection Motor Motor Type Front &amp; Rear Hub Motor Nominal Power 1700 W x 2 Max. Power 3500 W x 2 Charger Model NBW84D004D0D \/ NBW84D004D0D01 Input Voltage 100-240 V~50-60 Hz Max. Output 84 V \u2393 4 A Nominal Output 83 V \u2393 4 A Charger Rated Output Power 332 W Tire Tire Type 11-inch Self-sealing Tubeless Tires Tire Pressure 29-35 psi Material Rubber Others Suspension System Front: Double Wishbone Hydraulic Shock Absorber Rear: Trailing-arm Hydraulic Shock Absorber Brake System Front: Disc brake Rear: Disc brake<\/p>\n","protected":false},"excerpt":{"rendered":"<p>\u10e2\u10d8\u10de\u10d8: \u10d4\u10da\u10d4\u10e5\u10e2\u10e0\u10dd \u10e1\u10d9\u10e3\u10e2\u10d4\u10e0\u10d8 \u10e1\u10d8\u10db\u10eb\u10da\u10d0\u10d5\u10e0\u10d4: 1700 W x 2 \/ 3500 W x 2 \u10d3\u10d0\u10e1\u10d0\u10e8\u10d5\u10d4\u10d1\u10d8 \u10ec\u10dd\u10dc\u10d0: 150 \u10d9\u10d2 \u10db\u10d0\u10e5\u10e1\u10d8\u10db\u10d0\u10da\u10e3\u10e0\u10d8 \u10e1\u10d8\u10e1\u10ec\u10e0\u10d0\u10e4\u10d4: 80 \u10d9\u10db\/\u10e1\u10d7 \u10db\u10d0\u10e5\u10e1\u10d8\u10db\u10d0\u10da\u10e3\u10e0\u10d8 \u10d3\u10d8\u10e1\u10e2\u10d0\u10dc\u10ea\u10d8\u10d0: 138 \u10d9\u10db \u10d2\u10d0\u10e0\u10d0\u10dc\u10e2\u10d8\u10d0 &#8211; 2 \u10ec\u10d4\u10da\u10d8. \u10e3\u10e4\u10d0\u10e1\u10dd \u10db\u10d8\u10ec\u10dd\u10d3\u10d4\u10d1\u10d0. &nbsp; Name: Segway SuperScooter GT3 Pro Model 060202G L \u00d7 W \u00d7 H Approx. 53.7 x 26.2 x 53.9 inches (1365 \u00d7 666 \u00d7 1370 mm) L \u00d7 W \u00d7 H (folded) Approx. 53.7 x 26.2 x 27.6 inches (1365 \u00d7 666 x 700 mm) Net Weight Approx. 117.1 lbs (53.1 kg) Riding Requirements Max. Payload 330 lbs (150 kg) Recommended Age 18\u201360 years old Required Height 5.3\u20136.6 ft (160\u2013200 cm) Vehicle Performance Wheelbase 41 inches (1040 mm) Ground Clearance 5.5 inches (140 mm) Drive System Two-wheel Drive Max. Speed[1] Approx. 50 mph (80 km\/h) Ranges of Speed Modes[2] ECO: Approx. 86 miles (138 km) SPORT: Approx. 45 miles (72 km) RACE: Approx. 34 miles (55 km) Max. Slope Approx. 38% Traversable Terrain Asphalt\/flat pavement; obstacles &lt; 1.2 inches (3 cm); gaps &lt; 1.2 inches (3 cm) Operating Temperature 14\u2013104\u00b0F (-10\u201340\u00b0C) Ambient Temperature For Storage -4\u2013122\u00b0F (-20\u201350\u00b0C) IP Rating[3] IPX6 Charging Duration 230 VAC\/25\u00b0C: Approx. 8\u00b10.5 hours 115 VAC\/25\u00b0C: Approx. 8\u00b10.5 hours Charging Duration 230 VAC\/25\u00b0C: Approx. 8\u00b10.5 hours 115 VAC\/25\u00b0C: Approx. 8\u00b10.5 hours Battery Pack Nominal Voltage 72 V Max. Charging Voltage 84 V Nominal Energy 2160 Wh Nominal Capacity 30 Ah Charging Ambient Temperature 32\u2013113\u00b0F (0\u201345\u00b0C) Battery Management System Overcharge Protection, Overheat Protection, Overdischarge Protection, Short Circuit Protection, and Overcurrent Protection Motor Motor Type Front &amp; Rear Hub Motor Nominal Power 1700 W x 2 Max. Power 3500 W x 2 Charger Model NBW84D004D0D \/ NBW84D004D0D01 Input Voltage 100-240 V~50-60 Hz Max. Output 84 V \u2393 4 A Nominal Output 83 V \u2393 4 A Charger Rated Output Power 332 W Tire Tire Type 11-inch Self-sealing Tubeless Tires Tire Pressure 29-35 psi Material Rubber Others Suspension System Front: Double Wishbone Hydraulic Shock Absorber Rear: Trailing-arm Hydraulic Shock Absorber Brake System Front: Disc brake Rear: Disc brake<\/p>\n","protected":false},"featured_media":3157,"comment_status":"open","ping_status":"closed","template":"","meta":{"_acf_changed":false},"product_brand":[133],"product_cat":[125],"product_tag":[],"class_list":{"0":"post-3034","1":"product","2":"type-product","3":"status-publish","4":"has-post-thumbnail","6":"product_brand-segway-ninebot","7":"product_cat-125","9":"first","10":"outofstock","11":"sale","12":"shipping-taxable","13":"purchasable","14":"product-type-simple"},"acf":[],"jetpack_sharing_enabled":true,"_links":{"self":[{"href":"https:\/\/familygroup.ge\/index.php?rest_route=\/wp\/v2\/product\/3034","targetHints":{"allow":["GET"]}}],"collection":[{"href":"https:\/\/familygroup.ge\/index.php?rest_route=\/wp\/v2\/product"}],"about":[{"href":"https:\/\/familygroup.ge\/index.php?rest_route=\/wp\/v2\/types\/product"}],"replies":[{"embeddable":true,"href":"https:\/\/familygroup.ge\/index.php?rest_route=%2Fwp%2Fv2%2Fcomments&post=3034"}],"wp:featuredmedia":[{"embeddable":true,"href":"https:\/\/familygroup.ge\/index.php?rest_route=\/wp\/v2\/media\/3157"}],"wp:attachment":[{"href":"https:\/\/familygroup.ge\/index.php?rest_route=%2Fwp%2Fv2%2Fmedia&parent=3034"}],"wp:term":[{"taxonomy":"product_brand","embeddable":true,"href":"https:\/\/familygroup.ge\/index.php?rest_route=%2Fwp%2Fv2%2Fproduct_brand&post=3034"},{"taxonomy":"product_cat","embeddable":true,"href":"https:\/\/familygroup.ge\/index.php?rest_route=%2Fwp%2Fv2%2Fproduct_cat&post=3034"},{"taxonomy":"product_tag","embeddable":true,"href":"https:\/\/familygroup.ge\/index.php?rest_route=%2Fwp%2Fv2%2Fproduct_tag&post=3034"}],"curies":[{"name":"wp","href":"https:\/\/api.w.org\/{rel}","templated":true}]}}