{"id":3035,"date":"2025-09-23T13:49:42","date_gmt":"2025-09-23T13:49:42","guid":{"rendered":"https:\/\/familygroup.ge\/?product=gokart-pro-2"},"modified":"2026-01-17T09:30:08","modified_gmt":"2026-01-17T09:30:08","slug":"gokart-pro-2","status":"publish","type":"product","link":"https:\/\/familygroup.ge\/?product=gokart-pro-2","title":{"rendered":"Segway Ninebot Gokart Pro 2"},"content":{"rendered":"<ul>\n<li>\u10e2\u10d8\u10de\u10d8: \u10d4\u10da\u10d4\u10e5\u10e2\u10e0\u10dd \u10d9\u10d0\u10e0\u10e2\u10d8\u10dc\u10d2\u10d8<\/li>\n<li>\u10e1\u10d8\u10db\u10eb\u10da\u10d0\u10d5\u10e0\u10d4: 450 W x 2 \/ 2400 W x 2<\/li>\n<li>\u10d3\u10d0\u10e1\u10d0\u10e8\u10d5\u10d4\u10d1\u10d8 \u10ec\u10dd\u10dc\u10d0: 100 \u10d9\u10d2<\/li>\n<li>\u10db\u10d0\u10e5\u10e1\u10d8\u10db\u10d0\u10da\u10e3\u10e0\u10d8 \u10e1\u10d8\u10e1\u10ec\u10e0\u10d0\u10e4\u10d4: 43 \u10d9\u10db\/\u10e1\u10d7<\/li>\n<li>\u10db\u10d0\u10e5\u10e1\u10d8\u10db\u10d0\u10da\u10e3\u10e0\u10d8 \u10d3\u10d8\u10e1\u10e2\u10d0\u10dc\u10ea\u10d8\u10d0: 25 \u10d9\u10db<\/li>\n<li>\u10d2\u10d0\u10e0\u10d0\u10dc\u10e2\u10d8\u10d0 &#8211; 2 \u10ec\u10d4\u10da\u10d8. \u10e3\u10e4\u10d0\u10e1\u10dd \u10db\u10d8\u10ec\u10dd\u10d3\u10d4\u10d1\u10d0.<\/li>\n<\/ul>\n<p>&nbsp;<\/p>\n<p>Segway Gokart PRO 2 Product Model 040401P Vehicle size Max. Status (after extension) 55.9 \u00d7 33.5 \u00d7 23.6 in (1420 \u00d7 852 \u00d7 600 mm) Min. Status (before extension) 41 \u00d7 33.5 \u00d7 18 in (1040 \u00d7 852 \u00d7 459 mm) Weight Max. Payload Approx. 220 lbs (100 kg) Net Weight Approx. 106 lbs (48.1 kg) Rider Age 14+ years old Recommended Height 4.2\u20146.2 ft (130\u2013190 cm) Main parameters Max. Speed Approx. 26.7 mph (43 km\/h) Max. Reversing Speed Approx. 1.9 mph (3 km\/h) Typical Range[1] Approx. 15.5 miles (25 km) Steering Ratio 2.1:1 Ground Clearance Approx. 1.8 in (45 mm) Max. Slope Approx. 15 \u00b0 Traversable Terrain Flat surface, paved road; obstacles &lt; 0.4 in (1 cm); gaps &lt; 1.2 in (3 cm); slopes &lt; 15 \u00b0 Operating Temperature 14\u2014104\u00b0F (-10\u201440\u00b0C) Storage Temperature -4\u2014122\u00b0F (-20\u201450\u00b0C) IP Rating IPX4 Charging Time Approx. 4 h Speed Modes ECO Mode\u2014max. speed: 5 mph (8 km\/h); Sport Mode\u2014max. speed: 11 mph (18 km\/h); Race Mode\u2014max. speed: 26.7 mph (43 km\/h); Manual Mode\u2014Manual I (max. speed: 12.4 mph (20 km\/h)), Manual II (max. speed: 20.5 mph (33 km\/h)), Manual III (max. speed: 26.7 mph (43 km\/h)) Battery Nominal Voltage 54 V DC Max. Charging Voltage 63 V DC Nominal Energy 432 Wh Charging Temperature 32\u2014104\u00b0F (0\u201440\u00b0C) Battery Management System Over-voltage, under-voltage, short circuit, and over-heating protection. Auto-sleep and auto-wake. Motors Nominal Power 450 W \u00d7 2 Max. Power 2400 W \u00d7 2 Charger Input Voltage 100\u2014240 V ~ 50\/60 Hz Output Voltage 63 V DC Nominal Power 120 W Output Current 2A Front compartment battery[2] Model\/Quantity 6 \u00d7 AA Batteries Brake Braking Method Electronic brake + mechanical handbrake Braking Distance[3] 6m Tires Front Tire Tire width: 3 in (80 mm); flatness ratio: 60%; hub diameter: 5 in (127 mm) Rear Tire Tire width: 2.7 in (68 mm); 10 \u00d7 2.75 in, hollow solid tire Light Headlight 0.2 Watt white LED light bar Status Indicator The indicator comes in three colors: blue, yellow, and red. Blue means the vehicle is in normal condition. Yellow means the batteries in the front compartment need to be replaced. Red means the vehicle has a performance failure, and you need to open the App to check the cause of the failure and contact the after-sales service. Taillights Full-color RGB taillight\/brake light<\/p>\n","protected":false},"excerpt":{"rendered":"<p>\u10e2\u10d8\u10de\u10d8: \u10d4\u10da\u10d4\u10e5\u10e2\u10e0\u10dd \u10d9\u10d0\u10e0\u10e2\u10d8\u10dc\u10d2\u10d8 \u10e1\u10d8\u10db\u10eb\u10da\u10d0\u10d5\u10e0\u10d4: 450 W x 2 \/ 2400 W x 2 \u10d3\u10d0\u10e1\u10d0\u10e8\u10d5\u10d4\u10d1\u10d8 \u10ec\u10dd\u10dc\u10d0: 100 \u10d9\u10d2 \u10db\u10d0\u10e5\u10e1\u10d8\u10db\u10d0\u10da\u10e3\u10e0\u10d8 \u10e1\u10d8\u10e1\u10ec\u10e0\u10d0\u10e4\u10d4: 43 \u10d9\u10db\/\u10e1\u10d7 \u10db\u10d0\u10e5\u10e1\u10d8\u10db\u10d0\u10da\u10e3\u10e0\u10d8 \u10d3\u10d8\u10e1\u10e2\u10d0\u10dc\u10ea\u10d8\u10d0: 25 \u10d9\u10db \u10d2\u10d0\u10e0\u10d0\u10dc\u10e2\u10d8\u10d0 &#8211; 2 \u10ec\u10d4\u10da\u10d8. \u10e3\u10e4\u10d0\u10e1\u10dd \u10db\u10d8\u10ec\u10dd\u10d3\u10d4\u10d1\u10d0. &nbsp; Segway Gokart PRO 2 Product Model 040401P Vehicle size Max. Status (after extension) 55.9 \u00d7 33.5 \u00d7 23.6 in (1420 \u00d7 852 \u00d7 600 mm) Min. Status (before extension) 41 \u00d7 33.5 \u00d7 18 in (1040 \u00d7 852 \u00d7 459 mm) Weight Max. Payload Approx. 220 lbs (100 kg) Net Weight Approx. 106 lbs (48.1 kg) Rider Age 14+ years old Recommended Height 4.2\u20146.2 ft (130\u2013190 cm) Main parameters Max. Speed Approx. 26.7 mph (43 km\/h) Max. Reversing Speed Approx. 1.9 mph (3 km\/h) Typical Range[1] Approx. 15.5 miles (25 km) Steering Ratio 2.1:1 Ground Clearance Approx. 1.8 in (45 mm) Max. Slope Approx. 15 \u00b0 Traversable Terrain Flat surface, paved road; obstacles &lt; 0.4 in (1 cm); gaps &lt; 1.2 in (3 cm); slopes &lt; 15 \u00b0 Operating Temperature 14\u2014104\u00b0F (-10\u201440\u00b0C) Storage Temperature -4\u2014122\u00b0F (-20\u201450\u00b0C) IP Rating IPX4 Charging Time Approx. 4 h Speed Modes ECO Mode\u2014max. speed: 5 mph (8 km\/h); Sport Mode\u2014max. speed: 11 mph (18 km\/h); Race Mode\u2014max. speed: 26.7 mph (43 km\/h); Manual Mode\u2014Manual I (max. speed: 12.4 mph (20 km\/h)), Manual II (max. speed: 20.5 mph (33 km\/h)), Manual III (max. speed: 26.7 mph (43 km\/h)) Battery Nominal Voltage 54 V DC Max. Charging Voltage 63 V DC Nominal Energy 432 Wh Charging Temperature 32\u2014104\u00b0F (0\u201440\u00b0C) Battery Management System Over-voltage, under-voltage, short circuit, and over-heating protection. Auto-sleep and auto-wake. Motors Nominal Power 450 W \u00d7 2 Max. Power 2400 W \u00d7 2 Charger Input Voltage 100\u2014240 V ~ 50\/60 Hz Output Voltage 63 V DC Nominal Power 120 W Output Current 2A Front compartment battery[2] Model\/Quantity 6 \u00d7 AA Batteries Brake Braking Method Electronic brake + mechanical handbrake Braking Distance[3] 6m Tires Front Tire Tire width: 3 in (80 mm); flatness ratio: 60%; hub diameter: 5 in (127 mm) Rear Tire Tire width: 2.7 in (68 mm); 10 \u00d7 2.75 in, hollow solid tire Light Headlight 0.2 Watt white LED light bar Status Indicator The indicator comes in three colors: blue, yellow, and red. Blue means the vehicle is in normal condition. Yellow means the batteries in the front compartment need to be replaced. Red means the vehicle has a performance failure, and you need to open the App to check the cause of the failure and contact the after-sales service. Taillights Full-color RGB taillight\/brake light<\/p>\n","protected":false},"featured_media":3150,"comment_status":"open","ping_status":"closed","template":"","meta":{"_acf_changed":false},"product_brand":[133],"product_cat":[125],"product_tag":[],"class_list":{"0":"post-3035","1":"product","2":"type-product","3":"status-publish","4":"has-post-thumbnail","6":"product_brand-segway-ninebot","7":"product_cat-125","9":"first","10":"outofstock","11":"sale","12":"shipping-taxable","13":"purchasable","14":"product-type-simple"},"acf":[],"jetpack_sharing_enabled":true,"_links":{"self":[{"href":"https:\/\/familygroup.ge\/index.php?rest_route=\/wp\/v2\/product\/3035","targetHints":{"allow":["GET"]}}],"collection":[{"href":"https:\/\/familygroup.ge\/index.php?rest_route=\/wp\/v2\/product"}],"about":[{"href":"https:\/\/familygroup.ge\/index.php?rest_route=\/wp\/v2\/types\/product"}],"replies":[{"embeddable":true,"href":"https:\/\/familygroup.ge\/index.php?rest_route=%2Fwp%2Fv2%2Fcomments&post=3035"}],"wp:featuredmedia":[{"embeddable":true,"href":"https:\/\/familygroup.ge\/index.php?rest_route=\/wp\/v2\/media\/3150"}],"wp:attachment":[{"href":"https:\/\/familygroup.ge\/index.php?rest_route=%2Fwp%2Fv2%2Fmedia&parent=3035"}],"wp:term":[{"taxonomy":"product_brand","embeddable":true,"href":"https:\/\/familygroup.ge\/index.php?rest_route=%2Fwp%2Fv2%2Fproduct_brand&post=3035"},{"taxonomy":"product_cat","embeddable":true,"href":"https:\/\/familygroup.ge\/index.php?rest_route=%2Fwp%2Fv2%2Fproduct_cat&post=3035"},{"taxonomy":"product_tag","embeddable":true,"href":"https:\/\/familygroup.ge\/index.php?rest_route=%2Fwp%2Fv2%2Fproduct_tag&post=3035"}],"curies":[{"name":"wp","href":"https:\/\/api.w.org\/{rel}","templated":true}]}}