{"id":3328,"date":"2025-11-27T13:42:17","date_gmt":"2025-11-27T13:42:17","guid":{"rendered":"https:\/\/familygroup.ge\/?product=segway-ninebot-kickscooter-e2-pro"},"modified":"2026-01-17T09:30:09","modified_gmt":"2026-01-17T09:30:09","slug":"segway-ninebot-kickscooter-e2-pro","status":"publish","type":"product","link":"https:\/\/familygroup.ge\/?product=segway-ninebot-kickscooter-e2-pro","title":{"rendered":"Segway Ninebot KickScooter E2 Pro"},"content":{"rendered":"<ul>\n<li>\u10e2\u10d8\u10de\u10d8: \u10d4\u10da\u10d4\u10e5\u10e2\u10e0\u10dd \u10e1\u10d9\u10e3\u10e2\u10d4\u10e0\u10d8<\/li>\n<li>\u10e1\u10d8\u10db\u10eb\u10da\u10d0\u10d5\u10e0\u10d4: 350\/750 W<\/li>\n<li>\u10d3\u10d0\u10e1\u10d0\u10e8\u10d5\u10d4\u10d1\u10d8 \u10ec\u10dd\u10dc\u10d0: 120 \u10d9\u10d2<\/li>\n<li>\u10db\u10d0\u10e5\u10e1\u10d8\u10db\u10d0\u10da\u10e3\u10e0\u10d8 \u10e1\u10d8\u10e1\u10ec\u10e0\u10d0\u10e4\u10d4: 30 \u10d9\u10db\/\u10e1\u10d7<\/li>\n<li>\u10db\u10d0\u10e5\u10e1\u10d8\u10db\u10d0\u10da\u10e3\u10e0\u10d8 \u10d3\u10d8\u10e1\u10e2\u10d0\u10dc\u10ea\u10d8\u10d0: 40 \u10d9\u10db<\/li>\n<li>\u10e4\u10d4\u10e0\u10d0\u10d3\u10d8 \u10d2\u10d0\u10dc\u10d0\u10d7\u10d4\u10d1\u10d0.<\/li>\n<li>\u10d2\u10d0\u10e0\u10d0\u10dc\u10e2\u10d8\u10d0 &#8211; 2 \u10ec\u10d4\u10da\u10d8. \u10e3\u10e4\u10d0\u10e1\u10dd \u10db\u10d8\u10ec\u10dd\u10d3\u10d4\u10d1\u10d0 \u10d7\u10d1\u10d8\u10da\u10d8\u10e1\u10e8\u10d8.<\/li>\n<\/ul>\n<p>&nbsp;<\/p>\n<p>&nbsp;<\/p>\n<p>Ninebot eKickScooter E2 Pro Product Name Ninebot eKickScooter E2 Pro Model 051405U Length \u00d7 Width \u00d7 Height Approx. 1168 \u00d7 540 \u00d7 1220 mm (45.9 \u00d7 21.2 \u00d7 48 in) Folded: Length \u00d7 Width \u00d7 Height Approx. 1168 \u00d7 538 \u00d7 565 mm (45.9 \u00d7 21.1 \u00d7 22.2 in) Net Weight\/td&gt; Approx. 41.4 lbs (18.8 kg) Rider Max. Payload 265 lbs (120 kg) Recommended Age 16+ Required Height 4&#8217;5&#8221;\u20136&#8217;5&#8221; (140\u2013200 cm) Machine Max. Speed Approx. 18.6 mph (30 km\/h) Range at 9.3 mph (15 km\/h) Approx. 24.9 miles (40 km) Range at 12.4 mph (20 km\/h) Approx. 21.7 miles (35 km) Range at 18.6 mph (30 km\/h)[1] Approx. 15.5 miles (25 km) Max. Slope[2] Approx. 18% Traversable Terrian Mostly smooth roads or normal asphalt, tarmac roads Operating Temperature 14-104F (-10-40C) Storage Temperature -4-122F (-20-50C) IP Rating IPX4 Duration of Charging Approx. 5.5 h Battery Nominal Voltage 36 V Max. Charging Voltage 42 V Charging Temperature 32-113\u00baF (0-40C) Nominal Energy 275 Wh Nominal Capacity 7650 mAh Battery Management System Protection against overvoltage\/undervoltage\/short circuit\/overcurrent\/over temperature Motor Nominal Power 0.35 kW, 350 W Max. power 0.75 kW, 750 W Charger Model NBW41D001D7D Output Power 70 W Input Voltage 100-240 V~ 50-60 Hz Max. Output Voltage 42 V Rated Output 41 V 1.7 A Tires Tires 10-inch air-leakage-proof tubeless pneumatic tires Recommended Tire Pressure 45\u00b13 psi<\/p>\n","protected":false},"excerpt":{"rendered":"<p>\u10e2\u10d8\u10de\u10d8: \u10d4\u10da\u10d4\u10e5\u10e2\u10e0\u10dd \u10e1\u10d9\u10e3\u10e2\u10d4\u10e0\u10d8 \u10e1\u10d8\u10db\u10eb\u10da\u10d0\u10d5\u10e0\u10d4: 350\/750 W \u10d3\u10d0\u10e1\u10d0\u10e8\u10d5\u10d4\u10d1\u10d8 \u10ec\u10dd\u10dc\u10d0: 120 \u10d9\u10d2 \u10db\u10d0\u10e5\u10e1\u10d8\u10db\u10d0\u10da\u10e3\u10e0\u10d8 \u10e1\u10d8\u10e1\u10ec\u10e0\u10d0\u10e4\u10d4: 30 \u10d9\u10db\/\u10e1\u10d7 \u10db\u10d0\u10e5\u10e1\u10d8\u10db\u10d0\u10da\u10e3\u10e0\u10d8 \u10d3\u10d8\u10e1\u10e2\u10d0\u10dc\u10ea\u10d8\u10d0: 40 \u10d9\u10db \u10e4\u10d4\u10e0\u10d0\u10d3\u10d8 \u10d2\u10d0\u10dc\u10d0\u10d7\u10d4\u10d1\u10d0. \u10d2\u10d0\u10e0\u10d0\u10dc\u10e2\u10d8\u10d0 &#8211; 2 \u10ec\u10d4\u10da\u10d8. \u10e3\u10e4\u10d0\u10e1\u10dd \u10db\u10d8\u10ec\u10dd\u10d3\u10d4\u10d1\u10d0 \u10d7\u10d1\u10d8\u10da\u10d8\u10e1\u10e8\u10d8. &nbsp; &nbsp; Ninebot eKickScooter E2 Pro Product Name Ninebot eKickScooter E2 Pro Model 051405U Length \u00d7 Width \u00d7 Height Approx. 1168 \u00d7 540 \u00d7 1220 mm (45.9 \u00d7 21.2 \u00d7 48 in) Folded: Length \u00d7 Width \u00d7 Height Approx. 1168 \u00d7 538 \u00d7 565 mm (45.9 \u00d7 21.1 \u00d7 22.2 in) Net Weight\/td&gt; Approx. 41.4 lbs (18.8 kg) Rider Max. Payload 265 lbs (120 kg) Recommended Age 16+ Required Height 4&#8217;5&#8221;\u20136&#8217;5&#8221; (140\u2013200 cm) Machine Max. Speed Approx. 18.6 mph (30 km\/h) Range at 9.3 mph (15 km\/h) Approx. 24.9 miles (40 km) Range at 12.4 mph (20 km\/h) Approx. 21.7 miles (35 km) Range at 18.6 mph (30 km\/h)[1] Approx. 15.5 miles (25 km) Max. Slope[2] Approx. 18% Traversable Terrian Mostly smooth roads or normal asphalt, tarmac roads Operating Temperature 14-104F (-10-40C) Storage Temperature -4-122F (-20-50C) IP Rating IPX4 Duration of Charging Approx. 5.5 h Battery Nominal Voltage 36 V Max. Charging Voltage 42 V Charging Temperature 32-113\u00baF (0-40C) Nominal Energy 275 Wh Nominal Capacity 7650 mAh Battery Management System Protection against overvoltage\/undervoltage\/short circuit\/overcurrent\/over temperature Motor Nominal Power 0.35 kW, 350 W Max. power 0.75 kW, 750 W Charger Model NBW41D001D7D Output Power 70 W Input Voltage 100-240 V~ 50-60 Hz Max. Output Voltage 42 V Rated Output 41 V 1.7 A Tires Tires 10-inch air-leakage-proof tubeless pneumatic tires Recommended Tire Pressure 45\u00b13 psi<\/p>\n","protected":false},"featured_media":3355,"comment_status":"open","ping_status":"closed","template":"","meta":{"_acf_changed":false},"product_brand":[133],"product_cat":[125],"product_tag":[],"class_list":{"0":"post-3328","1":"product","2":"type-product","3":"status-publish","4":"has-post-thumbnail","6":"product_brand-segway-ninebot","7":"product_cat-125","9":"first","10":"outofstock","11":"sale","12":"shipping-taxable","13":"purchasable","14":"product-type-simple"},"acf":[],"jetpack_sharing_enabled":true,"_links":{"self":[{"href":"https:\/\/familygroup.ge\/index.php?rest_route=\/wp\/v2\/product\/3328","targetHints":{"allow":["GET"]}}],"collection":[{"href":"https:\/\/familygroup.ge\/index.php?rest_route=\/wp\/v2\/product"}],"about":[{"href":"https:\/\/familygroup.ge\/index.php?rest_route=\/wp\/v2\/types\/product"}],"replies":[{"embeddable":true,"href":"https:\/\/familygroup.ge\/index.php?rest_route=%2Fwp%2Fv2%2Fcomments&post=3328"}],"wp:featuredmedia":[{"embeddable":true,"href":"https:\/\/familygroup.ge\/index.php?rest_route=\/wp\/v2\/media\/3355"}],"wp:attachment":[{"href":"https:\/\/familygroup.ge\/index.php?rest_route=%2Fwp%2Fv2%2Fmedia&parent=3328"}],"wp:term":[{"taxonomy":"product_brand","embeddable":true,"href":"https:\/\/familygroup.ge\/index.php?rest_route=%2Fwp%2Fv2%2Fproduct_brand&post=3328"},{"taxonomy":"product_cat","embeddable":true,"href":"https:\/\/familygroup.ge\/index.php?rest_route=%2Fwp%2Fv2%2Fproduct_cat&post=3328"},{"taxonomy":"product_tag","embeddable":true,"href":"https:\/\/familygroup.ge\/index.php?rest_route=%2Fwp%2Fv2%2Fproduct_tag&post=3328"}],"curies":[{"name":"wp","href":"https:\/\/api.w.org\/{rel}","templated":true}]}}