{"id":3329,"date":"2025-11-27T13:42:17","date_gmt":"2025-11-27T13:42:17","guid":{"rendered":"https:\/\/familygroup.ge\/?product=segway-ninebot-kickscooter-zt3-pro"},"modified":"2026-01-17T09:30:09","modified_gmt":"2026-01-17T09:30:09","slug":"segway-ninebot-kickscooter-zt3-pro","status":"publish","type":"product","link":"https:\/\/familygroup.ge\/?product=segway-ninebot-kickscooter-zt3-pro","title":{"rendered":"Segway Ninebot KickScooter ZT3 Pro"},"content":{"rendered":"<ul>\n<li>\u10e2\u10d8\u10de\u10d8: \u10d4\u10da\u10d4\u10e5\u10e2\u10e0\u10dd \u10e1\u10d9\u10e3\u10e2\u10d4\u10e0\u10d8<\/li>\n<li>\u10e1\u10d8\u10db\u10eb\u10da\u10d0\u10d5\u10e0\u10d4: 650\/1600 W<\/li>\n<li>\u10d3\u10d0\u10e1\u10d0\u10e8\u10d5\u10d4\u10d1\u10d8 \u10ec\u10dd\u10dc\u10d0: 120 \u10d9\u10d2<\/li>\n<li>\u10db\u10d0\u10e5\u10e1\u10d8\u10db\u10d0\u10da\u10e3\u10e0\u10d8 \u10e1\u10d8\u10e1\u10ec\u10e0\u10d0\u10e4\u10d4: 40 \u10d9\u10db\/\u10e1\u10d7<\/li>\n<li>\u10db\u10d0\u10e5\u10e1\u10d8\u10db\u10d0\u10da\u10e3\u10e0\u10d8 \u10d3\u10d8\u10e1\u10e2\u10d0\u10dc\u10ea\u10d8\u10d0: 70 \u10d9\u10db<\/li>\n<li>\u10d0\u10de\u10da\u10d8\u10d9\u10d0\u10ea\u10d8\u10d8\u10d7 \u10db\u10d0\u10e0\u10d7\u10d5\u10d0.<\/li>\n<li>\u10d2\u10d0\u10e0\u10d0\u10dc\u10e2\u10d8\u10d0 &#8211; 2 \u10ec\u10d4\u10da\u10d8. \u10e3\u10e4\u10d0\u10e1\u10dd \u10db\u10d8\u10ec\u10dd\u10d3\u10d4\u10d1\u10d0 \u10d7\u10d1\u10d8\u10da\u10d8\u10e1\u10e8\u10d8.<\/li>\n<\/ul>\n<p>&nbsp;<\/p>\n<p>Name: Segway EkickScooter ZT3 Pro Model 051801U L \u00d7 W \u00d7 H Approx. 49 x 25.1 x 52.8 in (1245 x 638 x 1340 mm) L \u00d7 W \u00d7 H (folded) Approx. 49 x 25.1 x 25.4 in (1245 x 638 x 645 mm) Net Weight Approx. 65.5 lbs (29.7 kg) Rider Max. Payload 265 lbs (120 kg) Recommended Age 16\u201460 years Required Height 5&#8217;3&#8243;\u20146&#8217;7&#8243; (160\u2014200cm) Machine Max. Speed Approx. 24.9 mph (40 km\/h) Range at Max. Speed Approx. 18.6 miles (30 km) Max. Slope Approx. 25% Traversable Terrain Partial unpaved roads, and mostly smooth roads or normal asphalt, tarmac roads Operating Temperature 14\u2014104\u00b0F (-10\u201440\u00b0C) Storage Temperature 14\u2014122\u00b0F (-10\u201450\u00b0C) IP Rating IPX5 Duration of Charging Approx. 4\u00b11 h (Ambient Temperature: 68\u201477\u00b0F\/20\u201425\u00b0C) Battery Nominal Voltage 46.8 V Max. Charging Voltage 54.6 V Nominal Energy 597Wh Nominal Capacity 12.75 Ah Charging Ambient Temperature 32\u2014131\u00b0F (0\u201455\u00b0C) Battery Management System Protection against overvoltage\/undervoltage\/short circuit\/overcurrent\/over temperature Motor Nominal Power 0.65 kW, 650 W Max. Power 1.6 kW, 1600 W Charger Model NBW54D601D3D01 Input Voltage 100-240 V Nominal Output 53.6 V === 3.9 A Max. Rated Output Power 70 W Tire Tire Pressure 42\u201448 psi Tire Type 11-inch Off-Road Tubeless Tires Others Suspension System Front Dual Telescopic Suspension Rear Spring Suspension Brake System Front Disc Brakev Rear Disc Brake + Electronic Brake<\/p>\n","protected":false},"excerpt":{"rendered":"<p>\u10e2\u10d8\u10de\u10d8: \u10d4\u10da\u10d4\u10e5\u10e2\u10e0\u10dd \u10e1\u10d9\u10e3\u10e2\u10d4\u10e0\u10d8 \u10e1\u10d8\u10db\u10eb\u10da\u10d0\u10d5\u10e0\u10d4: 650\/1600 W \u10d3\u10d0\u10e1\u10d0\u10e8\u10d5\u10d4\u10d1\u10d8 \u10ec\u10dd\u10dc\u10d0: 120 \u10d9\u10d2 \u10db\u10d0\u10e5\u10e1\u10d8\u10db\u10d0\u10da\u10e3\u10e0\u10d8 \u10e1\u10d8\u10e1\u10ec\u10e0\u10d0\u10e4\u10d4: 40 \u10d9\u10db\/\u10e1\u10d7 \u10db\u10d0\u10e5\u10e1\u10d8\u10db\u10d0\u10da\u10e3\u10e0\u10d8 \u10d3\u10d8\u10e1\u10e2\u10d0\u10dc\u10ea\u10d8\u10d0: 70 \u10d9\u10db \u10d0\u10de\u10da\u10d8\u10d9\u10d0\u10ea\u10d8\u10d8\u10d7 \u10db\u10d0\u10e0\u10d7\u10d5\u10d0. \u10d2\u10d0\u10e0\u10d0\u10dc\u10e2\u10d8\u10d0 &#8211; 2 \u10ec\u10d4\u10da\u10d8. \u10e3\u10e4\u10d0\u10e1\u10dd \u10db\u10d8\u10ec\u10dd\u10d3\u10d4\u10d1\u10d0 \u10d7\u10d1\u10d8\u10da\u10d8\u10e1\u10e8\u10d8. &nbsp; Name: Segway EkickScooter ZT3 Pro Model 051801U L \u00d7 W \u00d7 H Approx. 49 x 25.1 x 52.8 in (1245 x 638 x 1340 mm) L \u00d7 W \u00d7 H (folded) Approx. 49 x 25.1 x 25.4 in (1245 x 638 x 645 mm) Net Weight Approx. 65.5 lbs (29.7 kg) Rider Max. Payload 265 lbs (120 kg) Recommended Age 16\u201460 years Required Height 5&#8217;3&#8243;\u20146&#8217;7&#8243; (160\u2014200cm) Machine Max. Speed Approx. 24.9 mph (40 km\/h) Range at Max. Speed Approx. 18.6 miles (30 km) Max. Slope Approx. 25% Traversable Terrain Partial unpaved roads, and mostly smooth roads or normal asphalt, tarmac roads Operating Temperature 14\u2014104\u00b0F (-10\u201440\u00b0C) Storage Temperature 14\u2014122\u00b0F (-10\u201450\u00b0C) IP Rating IPX5 Duration of Charging Approx. 4\u00b11 h (Ambient Temperature: 68\u201477\u00b0F\/20\u201425\u00b0C) Battery Nominal Voltage 46.8 V Max. Charging Voltage 54.6 V Nominal Energy 597Wh Nominal Capacity 12.75 Ah Charging Ambient Temperature 32\u2014131\u00b0F (0\u201455\u00b0C) Battery Management System Protection against overvoltage\/undervoltage\/short circuit\/overcurrent\/over temperature Motor Nominal Power 0.65 kW, 650 W Max. Power 1.6 kW, 1600 W Charger Model NBW54D601D3D01 Input Voltage 100-240 V Nominal Output 53.6 V === 3.9 A Max. Rated Output Power 70 W Tire Tire Pressure 42\u201448 psi Tire Type 11-inch Off-Road Tubeless Tires Others Suspension System Front Dual Telescopic Suspension Rear Spring Suspension Brake System Front Disc Brakev Rear Disc Brake + Electronic Brake<\/p>\n","protected":false},"featured_media":3350,"comment_status":"open","ping_status":"closed","template":"","meta":{"_acf_changed":false},"product_brand":[133],"product_cat":[125],"product_tag":[],"class_list":{"0":"post-3329","1":"product","2":"type-product","3":"status-publish","4":"has-post-thumbnail","6":"product_brand-segway-ninebot","7":"product_cat-125","9":"first","10":"outofstock","11":"sale","12":"shipping-taxable","13":"purchasable","14":"product-type-simple"},"acf":[],"jetpack_sharing_enabled":true,"_links":{"self":[{"href":"https:\/\/familygroup.ge\/index.php?rest_route=\/wp\/v2\/product\/3329","targetHints":{"allow":["GET"]}}],"collection":[{"href":"https:\/\/familygroup.ge\/index.php?rest_route=\/wp\/v2\/product"}],"about":[{"href":"https:\/\/familygroup.ge\/index.php?rest_route=\/wp\/v2\/types\/product"}],"replies":[{"embeddable":true,"href":"https:\/\/familygroup.ge\/index.php?rest_route=%2Fwp%2Fv2%2Fcomments&post=3329"}],"wp:featuredmedia":[{"embeddable":true,"href":"https:\/\/familygroup.ge\/index.php?rest_route=\/wp\/v2\/media\/3350"}],"wp:attachment":[{"href":"https:\/\/familygroup.ge\/index.php?rest_route=%2Fwp%2Fv2%2Fmedia&parent=3329"}],"wp:term":[{"taxonomy":"product_brand","embeddable":true,"href":"https:\/\/familygroup.ge\/index.php?rest_route=%2Fwp%2Fv2%2Fproduct_brand&post=3329"},{"taxonomy":"product_cat","embeddable":true,"href":"https:\/\/familygroup.ge\/index.php?rest_route=%2Fwp%2Fv2%2Fproduct_cat&post=3329"},{"taxonomy":"product_tag","embeddable":true,"href":"https:\/\/familygroup.ge\/index.php?rest_route=%2Fwp%2Fv2%2Fproduct_tag&post=3329"}],"curies":[{"name":"wp","href":"https:\/\/api.w.org\/{rel}","templated":true}]}}